{"id":7079,"date":"2019-10-15T16:22:42","date_gmt":"2019-10-15T14:22:42","guid":{"rendered":"https:\/\/jeldwen2020.neuim.net\/loi-sur-les-produits-de-construction-nouveau\/zertifizierung-und-kennzeichnung\/"},"modified":"2020-02-24T17:03:33","modified_gmt":"2020-02-24T16:03:33","slug":"certification-et-declaration","status":"publish","type":"page","link":"https:\/\/www.jeld-wen.ch\/fr\/loi-sur-les-produits-de-construction-nouveau\/certification-et-declaration\/","title":{"rendered":"CERTIFICATION ET D\u00c9CLARATION"},"content":{"rendered":"\n\t<div id=\"gap-1997863035\" class=\"gap-element clearfix\" style=\"display:block; height:auto;\">\n\t\t\n<style>\n#gap-1997863035 {\n  padding-top: 70px;\n}\n<\/style>\n\t<\/div>\n\t\n\n\n  <div class=\"banner has-hover hide-for-medium\" id=\"banner-608753331\">\n          <div class=\"banner-inner fill\">\n        <div class=\"banner-bg fill\" >\n            <img loading=\"lazy\" decoding=\"async\" width=\"1920\" height=\"330\" src=\"https:\/\/www.jeld-wen.ch\/wp-content\/uploads\/2019\/10\/Header-1.jpg\" class=\"bg\" alt=\"\" srcset=\"https:\/\/www.jeld-wen.ch\/wp-content\/uploads\/2019\/10\/Header-1.jpg 1920w, https:\/\/www.jeld-wen.ch\/wp-content\/uploads\/2019\/10\/Header-1-300x52.jpg 300w, https:\/\/www.jeld-wen.ch\/wp-content\/uploads\/2019\/10\/Header-1-768x132.jpg 768w, https:\/\/www.jeld-wen.ch\/wp-content\/uploads\/2019\/10\/Header-1-1024x176.jpg 1024w\" sizes=\"auto, (max-width: 1920px) 100vw, 1920px\" \/>                                    \n\t<div class=\"is-border\"\n\t\tstyle=\"border-width:27px 0px 0px 0px;\">\n\t<\/div>\n                    <\/div>\n\t\t\n        <div class=\"banner-layers container\">\n            <div class=\"fill banner-link\"><\/div>            \n\n\n        <\/div>\n      <\/div>\n\n              <div class=\"height-fix is-invisible\"><img loading=\"lazy\" decoding=\"async\" width=\"1920\" height=\"330\" src=\"https:\/\/www.jeld-wen.ch\/wp-content\/uploads\/2019\/10\/Header-1.jpg\" class=\"attachment-original size-original\" alt=\"\" srcset=\"https:\/\/www.jeld-wen.ch\/wp-content\/uploads\/2019\/10\/Header-1.jpg 1920w, https:\/\/www.jeld-wen.ch\/wp-content\/uploads\/2019\/10\/Header-1-300x52.jpg 300w, https:\/\/www.jeld-wen.ch\/wp-content\/uploads\/2019\/10\/Header-1-768x132.jpg 768w, https:\/\/www.jeld-wen.ch\/wp-content\/uploads\/2019\/10\/Header-1-1024x176.jpg 1024w\" sizes=\"auto, (max-width: 1920px) 100vw, 1920px\" \/><\/div>\n              <\/div>\n\n\n\n  <div class=\"banner has-hover show-for-medium\" id=\"banner-1386547666\">\n          <div class=\"banner-inner fill\">\n        <div class=\"banner-bg fill\" >\n            <img loading=\"lazy\" decoding=\"async\" width=\"1920\" height=\"330\" src=\"https:\/\/www.jeld-wen.ch\/wp-content\/uploads\/2019\/10\/Header-1.jpg\" class=\"bg\" alt=\"\" srcset=\"https:\/\/www.jeld-wen.ch\/wp-content\/uploads\/2019\/10\/Header-1.jpg 1920w, https:\/\/www.jeld-wen.ch\/wp-content\/uploads\/2019\/10\/Header-1-300x52.jpg 300w, https:\/\/www.jeld-wen.ch\/wp-content\/uploads\/2019\/10\/Header-1-768x132.jpg 768w, https:\/\/www.jeld-wen.ch\/wp-content\/uploads\/2019\/10\/Header-1-1024x176.jpg 1024w\" sizes=\"auto, (max-width: 1920px) 100vw, 1920px\" \/>                                    \n                    <\/div>\n\t\t\n        <div class=\"banner-layers container\">\n            <div class=\"fill banner-link\"><\/div>            \n\n\n        <\/div>\n      <\/div>\n\n              <div class=\"height-fix is-invisible\"><img loading=\"lazy\" decoding=\"async\" width=\"1920\" height=\"330\" src=\"https:\/\/www.jeld-wen.ch\/wp-content\/uploads\/2019\/10\/Header-1.jpg\" class=\"attachment-original size-original\" alt=\"\" srcset=\"https:\/\/www.jeld-wen.ch\/wp-content\/uploads\/2019\/10\/Header-1.jpg 1920w, https:\/\/www.jeld-wen.ch\/wp-content\/uploads\/2019\/10\/Header-1-300x52.jpg 300w, https:\/\/www.jeld-wen.ch\/wp-content\/uploads\/2019\/10\/Header-1-768x132.jpg 768w, https:\/\/www.jeld-wen.ch\/wp-content\/uploads\/2019\/10\/Header-1-1024x176.jpg 1024w\" sizes=\"auto, (max-width: 1920px) 100vw, 1920px\" \/><\/div>\n              <\/div>\n\n\n\n\t<section class=\"section\" id=\"section_1629135177\">\n\t\t<div class=\"section-bg fill\" >\n\t\t\t\t\t\t\t\t\t\n\t\t\t\n\n\t\t<\/div>\n\n\t\t\n\n\t\t<div class=\"section-content relative\">\n\t\t\t\n\n\t<div id=\"gap-754233393\" class=\"gap-element clearfix hide-for-medium\" style=\"display:block; height:auto;\">\n\t\t\n<style>\n#gap-754233393 {\n  padding-top: 70px;\n}\n<\/style>\n\t<\/div>\n\t\n\n<div class=\"row\"  id=\"row-1147601023\">\n\n\n\t<div id=\"col-1156469221\" class=\"col small-12 large-12\"  >\n\t\t\t\t<div class=\"col-inner\"  >\n\t\t\t\n\t\t\t\n\n<h3 style=\"text-align: left;\"><span style=\"color: #282828;\">CERTIFICATION ET D\u00c9CLARATION EN TOUTE SIMPLICIT\u00c9<\/span><\/h3>\n\n\t\t<\/div>\n\t\t\t\t\t<\/div>\n\n\t\n\n\t<div id=\"col-905277070\" class=\"col medium-4 small-12 large-4\"  >\n\t\t\t\t<div class=\"col-inner\"  >\n\t\t\t\n\t\t\t\n\n<h4><span style=\"color: #282828;\">JELD-WEN<\/span><\/h4>\n<ul>\n<li><span style=\"color: #282828;\">installe pour vous le portail en ligne ;<\/span><\/li>\n<li><span style=\"color: #282828;\">prend en charge la certification des portes coupe-feu ext\u00e9rieures ;<\/span><\/li>\n<li><span style=\"color: #282828;\">produit la porte y compris la vignette de d\u00e9claration ;<\/span><\/li>\n<li><span style=\"color: #282828;\">\u00e9tablit une d\u00e9claration de performances pour chaque commande et la met \u00e0 votre disposition en ligne sur votre compte utilisateur.<\/span><\/li>\n<\/ul>\n\n\t\t<\/div>\n\t\t\t\t\t<\/div>\n\n\t\n\n\t<div id=\"col-655941928\" class=\"col medium-4 small-12 large-4\"  >\n\t\t\t\t<div class=\"col-inner\"  >\n\t\t\t\n\t\t\t\n\n<h4><span style=\"color: #282828;\">VOUS<\/span><\/h4>\n<ul>\n<li><span style=\"color: #282828;\">vous inscrivez et ouvrez un compte utilisateur avec un mot de passe personnel<\/span><\/li>\n<li><span style=\"color: #282828;\">acc\u00e9dez en toute simplicit\u00e9 aux d\u00e9clarations de performances et les adaptez en cas de besoin.<\/span><\/li>\n<\/ul>\n\n\t\t<\/div>\n\t\t\t\t\t<\/div>\n\n\t\n\n\t<div id=\"col-1049720418\" class=\"col medium-4 small-12 large-4\"  >\n\t\t\t\t<div class=\"col-inner\"  >\n\t\t\t\n\t\t\t\n\n<h4><span style=\"color: #282828;\">Vos avantages en r\u00e9sum\u00e9 :<\/span><\/h4>\n<ul>\n<li><span style=\"color: #282828;\">\u00e9conomie de temps et de co\u00fbts ;<\/span><\/li>\n<li><span style=\"color: #282828;\">simplicit\u00e9 et conformit\u00e9 aux normes ;<\/span><\/li>\n<li><span style=\"color: #282828;\">pas de fiches \u00e9parpill\u00e9es un peu partout.t<\/span><\/li>\n<\/ul>\n\n\t\t<\/div>\n\t\t\t\t\t<\/div>\n\n\t\n\n<\/div>\n<div class=\"row\"  id=\"row-368060435\">\n\n\n\t<div id=\"col-1453450989\" class=\"col small-12 large-12\"  >\n\t\t\t\t<div class=\"col-inner text-center\"  >\n\t\t\t\n\t\t\t\n\n<a href=\"\/fr\/loi-sur-les-produits-de-construction-nouveau\/\" class=\"button primary is-outline\"  >\n\t\t<span>Retour \u00e0 l\u2019aper\u00e7u<\/span>\n\t<\/a>\n\n\n<a href=\"https:\/\/brandschutzverordnung.jeld-wen.ch\/fr\" target=\"_blank\" class=\"button primary is-outline\" rel=\"noopener\"  >\n\t\t<span>S\u2019inscrire ici<\/span>\n\t<\/a>\n\n\n\n\t\t<\/div>\n\t\t\t\t\t<\/div>\n\n\t\n\n<\/div>\n\t<div id=\"gap-848696381\" class=\"gap-element clearfix hide-for-medium\" style=\"display:block; height:auto;\">\n\t\t\n<style>\n#gap-848696381 {\n  padding-top: 10%;\n}\n<\/style>\n\t<\/div>\n\t\n\n\n\t\t<\/div>\n\n\t\t\n<style>\n#section_1629135177 {\n  padding-top: 30px;\n  padding-bottom: 30px;\n}\n<\/style>\n\t<\/section>\n\t\n\n","protected":false},"excerpt":{"rendered":"","protected":false},"author":1,"featured_media":0,"parent":7071,"menu_order":0,"comment_status":"closed","ping_status":"closed","template":"page-blank.php","meta":{"_acf_changed":false,"inline_featured_image":false,"footnotes":""},"class_list":["post-7079","page","type-page","status-publish","hentry"],"acf":[],"yoast_head":"<!-- This site is optimized with the Yoast SEO plugin v27.3 - https:\/\/yoast.com\/product\/yoast-seo-wordpress\/ -->\n<title>CERTIFICATION ET D\u00c9CLARATION - JELD-WEN<\/title>\n<meta name=\"robots\" content=\"index, follow, max-snippet:-1, max-image-preview:large, max-video-preview:-1\" \/>\n<link rel=\"canonical\" href=\"https:\/\/www.jeld-wen.ch\/fr\/loi-sur-les-produits-de-construction-nouveau\/certification-et-declaration\/\" \/>\n<meta property=\"og:locale\" content=\"fr_FR\" \/>\n<meta property=\"og:type\" content=\"article\" \/>\n<meta property=\"og:title\" content=\"CERTIFICATION ET D\u00c9CLARATION - JELD-WEN\" \/>\n<meta property=\"og:url\" content=\"https:\/\/www.jeld-wen.ch\/fr\/loi-sur-les-produits-de-construction-nouveau\/certification-et-declaration\/\" \/>\n<meta property=\"og:site_name\" content=\"JELD-WEN\" \/>\n<meta property=\"article:modified_time\" content=\"2020-02-24T16:03:33+00:00\" \/>\n<meta name=\"twitter:card\" content=\"summary_large_image\" \/>\n<meta name=\"twitter:label1\" content=\"Dur\u00e9e de lecture estim\u00e9e\" \/>\n\t<meta name=\"twitter:data1\" content=\"1 minute\" \/>\n<script type=\"application\/ld+json\" class=\"yoast-schema-graph\">{\"@context\":\"https:\\\/\\\/schema.org\",\"@graph\":[{\"@type\":\"WebPage\",\"@id\":\"https:\\\/\\\/www.jeld-wen.ch\\\/fr\\\/loi-sur-les-produits-de-construction-nouveau\\\/certification-et-declaration\\\/\",\"url\":\"https:\\\/\\\/www.jeld-wen.ch\\\/fr\\\/loi-sur-les-produits-de-construction-nouveau\\\/certification-et-declaration\\\/\",\"name\":\"CERTIFICATION ET D\u00c9CLARATION - JELD-WEN\",\"isPartOf\":{\"@id\":\"https:\\\/\\\/www.jeld-wen.ch\\\/#website\"},\"datePublished\":\"2019-10-15T14:22:42+00:00\",\"dateModified\":\"2020-02-24T16:03:33+00:00\",\"breadcrumb\":{\"@id\":\"https:\\\/\\\/www.jeld-wen.ch\\\/fr\\\/loi-sur-les-produits-de-construction-nouveau\\\/certification-et-declaration\\\/#breadcrumb\"},\"inLanguage\":\"fr-FR\",\"potentialAction\":[{\"@type\":\"ReadAction\",\"target\":[\"https:\\\/\\\/www.jeld-wen.ch\\\/fr\\\/loi-sur-les-produits-de-construction-nouveau\\\/certification-et-declaration\\\/\"]}]},{\"@type\":\"BreadcrumbList\",\"@id\":\"https:\\\/\\\/www.jeld-wen.ch\\\/fr\\\/loi-sur-les-produits-de-construction-nouveau\\\/certification-et-declaration\\\/#breadcrumb\",\"itemListElement\":[{\"@type\":\"ListItem\",\"position\":1,\"name\":\"Startseite\",\"item\":\"https:\\\/\\\/www.jeld-wen.ch\\\/fr\\\/\"},{\"@type\":\"ListItem\",\"position\":2,\"name\":\"LOI SUR LES PRODUITS DE CONSTRUCTION NOUVEAU !\",\"item\":\"https:\\\/\\\/www.jeld-wen.ch\\\/fr\\\/loi-sur-les-produits-de-construction-nouveau\\\/\"},{\"@type\":\"ListItem\",\"position\":3,\"name\":\"CERTIFICATION ET D\u00c9CLARATION\"}]},{\"@type\":\"WebSite\",\"@id\":\"https:\\\/\\\/www.jeld-wen.ch\\\/#website\",\"url\":\"https:\\\/\\\/www.jeld-wen.ch\\\/\",\"name\":\"JELD-WEN\",\"description\":\"3 starke T\u00fcrenmarken unter einem Dach.\",\"potentialAction\":[{\"@type\":\"SearchAction\",\"target\":{\"@type\":\"EntryPoint\",\"urlTemplate\":\"https:\\\/\\\/www.jeld-wen.ch\\\/?s={search_term_string}\"},\"query-input\":{\"@type\":\"PropertyValueSpecification\",\"valueRequired\":true,\"valueName\":\"search_term_string\"}}],\"inLanguage\":\"fr-FR\"}]}<\/script>\n<!-- \/ Yoast SEO plugin. -->","yoast_head_json":{"title":"CERTIFICATION ET D\u00c9CLARATION - JELD-WEN","robots":{"index":"index","follow":"follow","max-snippet":"max-snippet:-1","max-image-preview":"max-image-preview:large","max-video-preview":"max-video-preview:-1"},"canonical":"https:\/\/www.jeld-wen.ch\/fr\/loi-sur-les-produits-de-construction-nouveau\/certification-et-declaration\/","og_locale":"fr_FR","og_type":"article","og_title":"CERTIFICATION ET D\u00c9CLARATION - JELD-WEN","og_url":"https:\/\/www.jeld-wen.ch\/fr\/loi-sur-les-produits-de-construction-nouveau\/certification-et-declaration\/","og_site_name":"JELD-WEN","article_modified_time":"2020-02-24T16:03:33+00:00","twitter_card":"summary_large_image","twitter_misc":{"Dur\u00e9e de lecture estim\u00e9e":"1 minute"},"schema":{"@context":"https:\/\/schema.org","@graph":[{"@type":"WebPage","@id":"https:\/\/www.jeld-wen.ch\/fr\/loi-sur-les-produits-de-construction-nouveau\/certification-et-declaration\/","url":"https:\/\/www.jeld-wen.ch\/fr\/loi-sur-les-produits-de-construction-nouveau\/certification-et-declaration\/","name":"CERTIFICATION ET D\u00c9CLARATION - JELD-WEN","isPartOf":{"@id":"https:\/\/www.jeld-wen.ch\/#website"},"datePublished":"2019-10-15T14:22:42+00:00","dateModified":"2020-02-24T16:03:33+00:00","breadcrumb":{"@id":"https:\/\/www.jeld-wen.ch\/fr\/loi-sur-les-produits-de-construction-nouveau\/certification-et-declaration\/#breadcrumb"},"inLanguage":"fr-FR","potentialAction":[{"@type":"ReadAction","target":["https:\/\/www.jeld-wen.ch\/fr\/loi-sur-les-produits-de-construction-nouveau\/certification-et-declaration\/"]}]},{"@type":"BreadcrumbList","@id":"https:\/\/www.jeld-wen.ch\/fr\/loi-sur-les-produits-de-construction-nouveau\/certification-et-declaration\/#breadcrumb","itemListElement":[{"@type":"ListItem","position":1,"name":"Startseite","item":"https:\/\/www.jeld-wen.ch\/fr\/"},{"@type":"ListItem","position":2,"name":"LOI SUR LES PRODUITS DE CONSTRUCTION NOUVEAU !","item":"https:\/\/www.jeld-wen.ch\/fr\/loi-sur-les-produits-de-construction-nouveau\/"},{"@type":"ListItem","position":3,"name":"CERTIFICATION ET D\u00c9CLARATION"}]},{"@type":"WebSite","@id":"https:\/\/www.jeld-wen.ch\/#website","url":"https:\/\/www.jeld-wen.ch\/","name":"JELD-WEN","description":"3 starke T\u00fcrenmarken unter einem Dach.","potentialAction":[{"@type":"SearchAction","target":{"@type":"EntryPoint","urlTemplate":"https:\/\/www.jeld-wen.ch\/?s={search_term_string}"},"query-input":{"@type":"PropertyValueSpecification","valueRequired":true,"valueName":"search_term_string"}}],"inLanguage":"fr-FR"}]}},"_links":{"self":[{"href":"https:\/\/www.jeld-wen.ch\/fr\/wp-json\/wp\/v2\/pages\/7079","targetHints":{"allow":["GET"]}}],"collection":[{"href":"https:\/\/www.jeld-wen.ch\/fr\/wp-json\/wp\/v2\/pages"}],"about":[{"href":"https:\/\/www.jeld-wen.ch\/fr\/wp-json\/wp\/v2\/types\/page"}],"author":[{"embeddable":true,"href":"https:\/\/www.jeld-wen.ch\/fr\/wp-json\/wp\/v2\/users\/1"}],"replies":[{"embeddable":true,"href":"https:\/\/www.jeld-wen.ch\/fr\/wp-json\/wp\/v2\/comments?post=7079"}],"version-history":[{"count":3,"href":"https:\/\/www.jeld-wen.ch\/fr\/wp-json\/wp\/v2\/pages\/7079\/revisions"}],"predecessor-version":[{"id":7086,"href":"https:\/\/www.jeld-wen.ch\/fr\/wp-json\/wp\/v2\/pages\/7079\/revisions\/7086"}],"up":[{"embeddable":true,"href":"https:\/\/www.jeld-wen.ch\/fr\/wp-json\/wp\/v2\/pages\/7071"}],"wp:attachment":[{"href":"https:\/\/www.jeld-wen.ch\/fr\/wp-json\/wp\/v2\/media?parent=7079"}],"curies":[{"name":"wp","href":"https:\/\/api.w.org\/{rel}","templated":true}]}}