{"id":4466,"date":"2017-11-28T13:13:47","date_gmt":"2017-11-28T12:13:47","guid":{"rendered":"http:\/\/www.jeld-wen.ch\/?page_id=4466"},"modified":"2021-01-08T14:31:11","modified_gmt":"2021-01-08T13:31:11","slug":"mobile","status":"publish","type":"page","link":"https:\/\/www.jeld-wen.ch\/fr\/mobile\/","title":{"rendered":"mobile"},"content":{"rendered":"\n<div id=\"fullpage\">\n<div class=\"slide section one\" data-anchor=\"slide1\">\n<div class=\"mask-dark-font-mobile\">BIENVENUE CHEZ JELD-WEN<\/div>\n<\/div>\n<div class=\"slide section two\" data-anchor=\"slide2\">\n<div class=\"mask-light-font-mobile\">Bienvenue chez JELD-WEN : <\/br>le plus grand choix de portes en Suisse<\/div>\n<\/div>\n<div class=\"slide section three\" data-anchor=\"slide3\">\n<div class=\"mask-dark-font-mobile mask-dark-font-mobile-right\">AM\u00c9NAGEMENT DES ESPACES DE VIE<\/div>\n<\/div>\n<div class=\"slide section four\" data-anchor=\"slide4\">\n<div class=\"mask-light-font-mobile\">Nos portes sont un \u00e9l\u00e9ment de design : <\/br>elles sont des pi\u00e8ces de mobilier qui contribuent \u00e0 fa\u00e7onner les espaces de vie.<\/div>\n<\/div>\n<div class=\"slide section five\" data-anchor=\"slide5\">\n<div class=\"mask-dark-font-mobile\">VIVRE EN S\u00c9CURIT\u00c9.<\/div>\n<\/div>\n<div class=\"slide section six\" data-anchor=\"slide6\">\n<div class=\"mask-light-font-mobile\">Nos portes vous offrent la s\u00e9curit\u00e9 : <\/br>protection anti-effraction individuelle pour les portes ext\u00e9rieures, diff\u00e9rentes classes de protection contre l\u2019incendie pour les portes int\u00e9rieures !<\/div>\n<\/div>\n<div class=\"slide section seven\" data-anchor=\"slide7\">\n<div class=\"mask-dark-font-mobile mask-dark-font-mobile-right\">CONFORT DE L\u2019HABITAT.<\/div>\n<\/div>\n<div class=\"slide section eight\" data-anchor=\"slide8\">\n<div class=\"mask-light-font-mobile\">Nos portes vous facilitent la vie : <\/br>profitez d\u2019une technologie de pointe pour plus de confort. Ouverture et fermeture en douceur et bien plus encore.<\/div>\n<\/div>\n<div class=\"slide section nine\" data-anchor=\"slide9\">\n<div class=\"mask-dark-font-mobile\">PENSER EN TERMES DE DURABILIT\u00c9.<\/div>\n<\/div>\n<div class=\"slide section ten\" data-anchor=\"slide10\">\n<div class=\"mask-light-font-mobile\">Nos portes ont une \u00e2me verte : <\/br>nous misons sur la gestion durable des for\u00eats et travaillons exclusivement avec des fournisseurs certifi\u00e9s.<\/div>\n<\/div>\n<div class=\"slide section eleven\" data-anchor=\"slide11\">\n<div class=\"mask-dark-font-mobile mask-dark-font-mobile-right\">MENUISERIE TRADITIONNELLE.<\/div>\n<\/div>\n<div class=\"slide section twelve\" data-anchor=\"slide12\">\n<div class=\"mask-light-font-mobile\">Fabriqu\u00e9es exclusivement par des menuisiers, nos portes offrent des solutions r\u00e9pondant \u00e0 toutes les exigences et \u00e0 chaque style d\u2019habitat.<\/div>\n<\/div>\n<\/div>\n<ul id=\"menu_mobile\">\n \t<li class=\"ion-ios-circle-outline active\" data-menuanchor=\"top\"><a href=\"#top\">\u00a0\u00a0\u00a0<\/a><\/li>\n \t<li class=\"ion-ios-circle-outline\" data-menuanchor=\"section-two\"><a href=\"#section-two\">\u00a0\u00a0\u00a0<\/a><\/li>\n \t<li class=\"ion-ios-circle-outline\" data-menuanchor=\"section-four\"><a href=\"#section-four\">\u00a0\u00a0\u00a0<\/a><\/li>\n \t<li class=\"ion-ios-circle-outline\" data-menuanchor=\"section-six\"><a href=\"#section-six\">\u00a0\u00a0\u00a0<\/a><\/li>\n \t<li class=\"ion-ios-circle-outline\" data-menuanchor=\"section-eight\"><a href=\"#section-eight\">\u00a0\u00a0\u00a0<\/a><\/li>\n \t<li class=\"ion-ios-circle-outline\" data-menuanchor=\"section-ten\"><a href=\"#section-ten\">\u00a0\u00a0\u00a0<\/a><\/li>\n<\/ul>\n","protected":false},"excerpt":{"rendered":"<p>BIENVENUE CHEZ JELD-WEN Bienvenue chez JELD-WEN : le plus grand choix de portes en Suisse AM\u00c9NAGEMENT DES ESPACES DE VIE Nos portes sont un \u00e9l\u00e9ment de design : elles sont des pi\u00e8ces de mobilier qui contribuent \u00e0 fa\u00e7onner les espaces de vie. VIVRE EN S\u00c9CURIT\u00c9. Nos portes vous offrent la s\u00e9curit\u00e9 : protection anti-effraction individuelle [&#8230;]\n","protected":false},"author":1,"featured_media":0,"parent":0,"menu_order":0,"comment_status":"closed","ping_status":"closed","template":"page-transparent-header-light.php","meta":{"_acf_changed":false,"inline_featured_image":false,"footnotes":""},"class_list":["post-4466","page","type-page","status-publish","hentry"],"acf":[],"yoast_head":"<!-- This site is optimized with the Yoast SEO plugin v27.0 - https:\/\/yoast.com\/product\/yoast-seo-wordpress\/ -->\n<title>mobile - JELD-WEN<\/title>\n<meta name=\"robots\" content=\"noindex, nofollow\" \/>\n<meta property=\"og:locale\" content=\"fr_FR\" \/>\n<meta property=\"og:type\" content=\"article\" \/>\n<meta property=\"og:title\" content=\"mobile - JELD-WEN\" \/>\n<meta property=\"og:description\" content=\"BIENVENUE CHEZ JELD-WEN Bienvenue chez JELD-WEN : le plus grand choix de portes en Suisse AM\u00c9NAGEMENT DES ESPACES DE VIE Nos portes sont un \u00e9l\u00e9ment de design : elles sont des pi\u00e8ces de mobilier qui contribuent \u00e0 fa\u00e7onner les espaces de vie. VIVRE EN S\u00c9CURIT\u00c9. Nos portes vous offrent la s\u00e9curit\u00e9 : protection anti-effraction individuelle [...]\" \/>\n<meta property=\"og:url\" content=\"https:\/\/www.jeld-wen.ch\/fr\/mobile\/\" \/>\n<meta property=\"og:site_name\" content=\"JELD-WEN\" \/>\n<meta property=\"article:modified_time\" content=\"2021-01-08T13:31:11+00:00\" \/>\n<meta name=\"twitter:card\" content=\"summary_large_image\" \/>\n<meta name=\"twitter:label1\" content=\"Dur\u00e9e de lecture estim\u00e9e\" \/>\n\t<meta name=\"twitter:data1\" content=\"1 minute\" \/>\n<script type=\"application\/ld+json\" class=\"yoast-schema-graph\">{\"@context\":\"https:\/\/schema.org\",\"@graph\":[{\"@type\":\"WebPage\",\"@id\":\"https:\/\/www.jeld-wen.ch\/fr\/mobile\/\",\"url\":\"https:\/\/www.jeld-wen.ch\/fr\/mobile\/\",\"name\":\"mobile - JELD-WEN\",\"isPartOf\":{\"@id\":\"https:\/\/www.jeld-wen.ch\/#website\"},\"datePublished\":\"2017-11-28T12:13:47+00:00\",\"dateModified\":\"2021-01-08T13:31:11+00:00\",\"breadcrumb\":{\"@id\":\"https:\/\/www.jeld-wen.ch\/fr\/mobile\/#breadcrumb\"},\"inLanguage\":\"fr-FR\",\"potentialAction\":[{\"@type\":\"ReadAction\",\"target\":[\"https:\/\/www.jeld-wen.ch\/fr\/mobile\/\"]}]},{\"@type\":\"BreadcrumbList\",\"@id\":\"https:\/\/www.jeld-wen.ch\/fr\/mobile\/#breadcrumb\",\"itemListElement\":[{\"@type\":\"ListItem\",\"position\":1,\"name\":\"Startseite\",\"item\":\"https:\/\/www.jeld-wen.ch\/fr\/\"},{\"@type\":\"ListItem\",\"position\":2,\"name\":\"mobile\"}]},{\"@type\":\"WebSite\",\"@id\":\"https:\/\/www.jeld-wen.ch\/#website\",\"url\":\"https:\/\/www.jeld-wen.ch\/\",\"name\":\"JELD-WEN\",\"description\":\"3 starke T\u00fcrenmarken unter einem Dach.\",\"potentialAction\":[{\"@type\":\"SearchAction\",\"target\":{\"@type\":\"EntryPoint\",\"urlTemplate\":\"https:\/\/www.jeld-wen.ch\/?s={search_term_string}\"},\"query-input\":{\"@type\":\"PropertyValueSpecification\",\"valueRequired\":true,\"valueName\":\"search_term_string\"}}],\"inLanguage\":\"fr-FR\"}]}<\/script>\n<!-- \/ Yoast SEO plugin. -->","yoast_head_json":{"title":"mobile - JELD-WEN","robots":{"index":"noindex","follow":"nofollow"},"og_locale":"fr_FR","og_type":"article","og_title":"mobile - JELD-WEN","og_description":"BIENVENUE CHEZ JELD-WEN Bienvenue chez JELD-WEN : le plus grand choix de portes en Suisse AM\u00c9NAGEMENT DES ESPACES DE VIE Nos portes sont un \u00e9l\u00e9ment de design : elles sont des pi\u00e8ces de mobilier qui contribuent \u00e0 fa\u00e7onner les espaces de vie. VIVRE EN S\u00c9CURIT\u00c9. Nos portes vous offrent la s\u00e9curit\u00e9 : protection anti-effraction individuelle [...]","og_url":"https:\/\/www.jeld-wen.ch\/fr\/mobile\/","og_site_name":"JELD-WEN","article_modified_time":"2021-01-08T13:31:11+00:00","twitter_card":"summary_large_image","twitter_misc":{"Dur\u00e9e de lecture estim\u00e9e":"1 minute"},"schema":{"@context":"https:\/\/schema.org","@graph":[{"@type":"WebPage","@id":"https:\/\/www.jeld-wen.ch\/fr\/mobile\/","url":"https:\/\/www.jeld-wen.ch\/fr\/mobile\/","name":"mobile - JELD-WEN","isPartOf":{"@id":"https:\/\/www.jeld-wen.ch\/#website"},"datePublished":"2017-11-28T12:13:47+00:00","dateModified":"2021-01-08T13:31:11+00:00","breadcrumb":{"@id":"https:\/\/www.jeld-wen.ch\/fr\/mobile\/#breadcrumb"},"inLanguage":"fr-FR","potentialAction":[{"@type":"ReadAction","target":["https:\/\/www.jeld-wen.ch\/fr\/mobile\/"]}]},{"@type":"BreadcrumbList","@id":"https:\/\/www.jeld-wen.ch\/fr\/mobile\/#breadcrumb","itemListElement":[{"@type":"ListItem","position":1,"name":"Startseite","item":"https:\/\/www.jeld-wen.ch\/fr\/"},{"@type":"ListItem","position":2,"name":"mobile"}]},{"@type":"WebSite","@id":"https:\/\/www.jeld-wen.ch\/#website","url":"https:\/\/www.jeld-wen.ch\/","name":"JELD-WEN","description":"3 starke T\u00fcrenmarken unter einem Dach.","potentialAction":[{"@type":"SearchAction","target":{"@type":"EntryPoint","urlTemplate":"https:\/\/www.jeld-wen.ch\/?s={search_term_string}"},"query-input":{"@type":"PropertyValueSpecification","valueRequired":true,"valueName":"search_term_string"}}],"inLanguage":"fr-FR"}]}},"_links":{"self":[{"href":"https:\/\/www.jeld-wen.ch\/fr\/wp-json\/wp\/v2\/pages\/4466","targetHints":{"allow":["GET"]}}],"collection":[{"href":"https:\/\/www.jeld-wen.ch\/fr\/wp-json\/wp\/v2\/pages"}],"about":[{"href":"https:\/\/www.jeld-wen.ch\/fr\/wp-json\/wp\/v2\/types\/page"}],"author":[{"embeddable":true,"href":"https:\/\/www.jeld-wen.ch\/fr\/wp-json\/wp\/v2\/users\/1"}],"replies":[{"embeddable":true,"href":"https:\/\/www.jeld-wen.ch\/fr\/wp-json\/wp\/v2\/comments?post=4466"}],"version-history":[{"count":6,"href":"https:\/\/www.jeld-wen.ch\/fr\/wp-json\/wp\/v2\/pages\/4466\/revisions"}],"predecessor-version":[{"id":7889,"href":"https:\/\/www.jeld-wen.ch\/fr\/wp-json\/wp\/v2\/pages\/4466\/revisions\/7889"}],"wp:attachment":[{"href":"https:\/\/www.jeld-wen.ch\/fr\/wp-json\/wp\/v2\/media?parent=4466"}],"curies":[{"name":"wp","href":"https:\/\/api.w.org\/{rel}","templated":true}]}}