{"id":3992,"date":"2017-11-24T08:24:59","date_gmt":"2017-11-24T07:24:59","guid":{"rendered":"http:\/\/www.jeld-wen.ch\/?page_id=3992"},"modified":"2018-03-09T09:49:09","modified_gmt":"2018-03-09T08:49:09","slug":"portail-media","status":"publish","type":"page","link":"https:\/\/www.jeld-wen.ch\/fr\/portail-media\/","title":{"rendered":"Portail m\u00e9dia"},"content":{"rendered":"\n  <div class=\"banner has-hover is-full-height hide-for-medium\" id=\"banner-1228491768\">\n          <div class=\"banner-inner fill\">\n        <div class=\"banner-bg fill\" >\n            <img loading=\"lazy\" decoding=\"async\" width=\"1920\" height=\"1190\" src=\"https:\/\/www.jeld-wen.ch\/wp-content\/uploads\/2017\/10\/Mediaportal-1.jpg\" class=\"bg\" alt=\"\" srcset=\"https:\/\/www.jeld-wen.ch\/wp-content\/uploads\/2017\/10\/Mediaportal-1.jpg 1920w, https:\/\/www.jeld-wen.ch\/wp-content\/uploads\/2017\/10\/Mediaportal-1-300x186.jpg 300w, https:\/\/www.jeld-wen.ch\/wp-content\/uploads\/2017\/10\/Mediaportal-1-768x476.jpg 768w, https:\/\/www.jeld-wen.ch\/wp-content\/uploads\/2017\/10\/Mediaportal-1-1024x635.jpg 1024w\" sizes=\"auto, (max-width: 1920px) 100vw, 1920px\" \/>                                    \n                    <\/div>\n\t\t\n        <div class=\"banner-layers container\">\n            <div class=\"fill banner-link\"><\/div>            \n   <div id=\"text-box-227840185\" class=\"text-box banner-layer x100 md-x100 lg-x100 y50 md-y50 lg-y50 res-text\">\n                                <div class=\"text-box-content text \">\n              \n              <div class=\"text-inner text-left\">\n                  \n<div class=\"maske-light\">\n<h2 style=\"text-align: left;\"><span style=\"color: #333333;\">PORTAIL MEDIA JELD-WEN<\/span><\/h2>\n<p style=\"text-align: left;\"><span style=\"color: #333333;\">Toutes les informations importantes sur les portes en un simple clic : vous trouverez sur notre portail m\u00e9dia nos brochures et catalogues actuels \u00e0 consulter en ligne ou \u00e0 t\u00e9l\u00e9charger ainsi que toutes les informations techniques.<\/span><\/p>\n<\/div>\n<div class=\"scroll-down-other-page\" style=\"text-align: left;\"><span style=\"color: #333333;\">\u00a0<\/span><\/div>\n<div class=\"scroll-down-dark\" style=\"text-align: left;\"><span style=\"color: #333333;\">\u00a0<\/span><\/div>\n              <\/div>\n           <\/div>\n                            \n<style>\n#text-box-227840185 {\n  width: 37%;\n}\n#text-box-227840185 .text-box-content {\n  font-size: 100%;\n}\n<\/style>\n    <\/div>\n \n        <\/div>\n      <\/div>\n\n            \n<style>\n#banner-1228491768 {\n  padding-top: 100%;\n}\n#banner-1228491768 .banner-bg img {\n  object-position: top;\n}\n<\/style>\n  <\/div>\n\n\n\t<div id=\"gap-1997002180\" class=\"gap-element clearfix\" style=\"display:block; height:auto;\">\n\t\t\n<style>\n#gap-1997002180 {\n  padding-top: 70px;\n}\n<\/style>\n\t<\/div>\n\t\n\n  <div class=\"banner has-hover show-for-medium\" id=\"banner-863499326\">\n          <div class=\"banner-inner fill\">\n        <div class=\"banner-bg fill\" >\n            <img loading=\"lazy\" decoding=\"async\" width=\"1920\" height=\"1190\" src=\"https:\/\/www.jeld-wen.ch\/wp-content\/uploads\/2017\/10\/Mediaportal-1.jpg\" class=\"bg\" alt=\"\" srcset=\"https:\/\/www.jeld-wen.ch\/wp-content\/uploads\/2017\/10\/Mediaportal-1.jpg 1920w, https:\/\/www.jeld-wen.ch\/wp-content\/uploads\/2017\/10\/Mediaportal-1-300x186.jpg 300w, https:\/\/www.jeld-wen.ch\/wp-content\/uploads\/2017\/10\/Mediaportal-1-768x476.jpg 768w, https:\/\/www.jeld-wen.ch\/wp-content\/uploads\/2017\/10\/Mediaportal-1-1024x635.jpg 1024w\" sizes=\"auto, (max-width: 1920px) 100vw, 1920px\" \/>                                    \n                    <\/div>\n\t\t\n        <div class=\"banner-layers container\">\n            <div class=\"fill banner-link\"><\/div>            \n        <\/div>\n      <\/div>\n\n              <div class=\"height-fix is-invisible\"><img loading=\"lazy\" decoding=\"async\" width=\"1920\" height=\"1190\" src=\"https:\/\/www.jeld-wen.ch\/wp-content\/uploads\/2017\/10\/Mediaportal-1.jpg\" class=\"attachment-orginal size-orginal\" alt=\"\" srcset=\"https:\/\/www.jeld-wen.ch\/wp-content\/uploads\/2017\/10\/Mediaportal-1.jpg 1920w, https:\/\/www.jeld-wen.ch\/wp-content\/uploads\/2017\/10\/Mediaportal-1-300x186.jpg 300w, https:\/\/www.jeld-wen.ch\/wp-content\/uploads\/2017\/10\/Mediaportal-1-768x476.jpg 768w, https:\/\/www.jeld-wen.ch\/wp-content\/uploads\/2017\/10\/Mediaportal-1-1024x635.jpg 1024w\" sizes=\"auto, (max-width: 1920px) 100vw, 1920px\" \/><\/div>\n              <\/div>\n\n\n\n\t<section class=\"section show-for-medium\" id=\"section_24516920\">\n\t\t<div class=\"section-bg fill\" >\n\t\t\t\t\t\t\t\t\t\n\t\t\t\n\n\t\t<\/div>\n\n\t\t\n\n\t\t<div class=\"section-content relative\">\n\t\t\t\n<div class=\"row\"  id=\"row-670610367\">\n\n\t<div id=\"col-1412490831\" class=\"col medium-10 small-12 large-10\"  >\n\t\t\t\t<div class=\"col-inner text-center\"  >\n\t\t\t\n\t\t\t\n<h2 class=\"uppercase\">PORTAIL MEDIA JELD-WEN<\/h2>\n<p>Toutes les informations importantes sur les portes en un simple clic : vous trouverez sur notre portail m\u00e9dia nos brochures et catalogues actuels \u00e0 consulter en ligne ou \u00e0 t\u00e9l\u00e9charger ainsi que toutes les informations techniques.<\/p>\n\t\t<\/div>\n\t\t\t\t\n<style>\n#col-1412490831 > .col-inner {\n  padding: 20px 0px 0px 0px;\n}\n<\/style>\n\t<\/div>\n\n\t\n<\/div>\n\t\t<\/div>\n\n\t\t\n<style>\n#section_24516920 {\n  padding-top: 60px;\n  padding-bottom: 60px;\n  min-height: 300px;\n  background-color: rgb(255, 255, 255);\n}\n<\/style>\n\t<\/section>\n\t\n\n\t<section class=\"section\" id=\"section_328195548\">\n\t\t<div class=\"section-bg fill\" >\n\t\t\t\t\t\t\t\t\t\n\t\t\t\n\n\t\t<\/div>\n\n\t\t\n\n\t\t<div class=\"section-content relative\">\n\t\t\t\n<div class=\"row\"  id=\"row-1045165190\">\n\n\t<div id=\"col-1423669157\" class=\"col small-12 large-12\"  >\n\t\t\t\t<div class=\"col-inner\"  >\n\t\t\t\n\t\t\t\n<h2>Obtenez toutes les informations <br \/> en un seul clic<\/h2>\n<p>Profitez d&#8217;une navigation simple et conviviale et filtrez toutes les informations de fa\u00e7on cibl\u00e9e en quelques secondes gr\u00e2ce \u00e0 une recherche plein texte avanc\u00e9e et intelligente. Avec la fonction astucieuse Paperclip, vous pouvez combiner, t\u00e9l\u00e9charger et envoyer des pages individuelles, m\u00eame \u00e0 partir de documents diff\u00e9rents, pour cr\u00e9er votre propre document PDF en un rien de temps. Jetez un coup d&#8217;\u0153il \u00e0 notre plateforme d&#8217;information pour les particuliers et les professionnels !<\/p>\n<a href=\"https:\/\/oxomi.com\/p\/2025299\/search?selection=filterLang_fr\" target=\"_blank\" class=\"button primary is-large button-light\" rel=\"noopener\"  >\n\t\t<span>Portail Media<\/span>\n\t<\/a>\n\n\t\t<\/div>\n\t\t\t\t\t<\/div>\n\n\t\n<\/div>\n\t\t<\/div>\n\n\t\t\n<style>\n#section_328195548 {\n  padding-top: 40px;\n  padding-bottom: 40px;\n  background-color: rgb(255, 255, 255);\n}\n@media (min-width:550px) {\n  #section_328195548 {\n    padding-top: 40px;\n    padding-bottom: 40px;\n  }\n}\n<\/style>\n\t<\/section>\n\t\n","protected":false},"excerpt":{"rendered":"","protected":false},"author":1,"featured_media":0,"parent":0,"menu_order":0,"comment_status":"closed","ping_status":"closed","template":"page-blank.php","meta":{"_acf_changed":false,"inline_featured_image":false,"footnotes":""},"class_list":["post-3992","page","type-page","status-publish","hentry"],"acf":[],"yoast_head":"<!-- This site is optimized with the Yoast SEO plugin v27.3 - https:\/\/yoast.com\/product\/yoast-seo-wordpress\/ -->\n<title>Portail m\u00e9dia - JELD-WEN<\/title>\n<meta name=\"robots\" content=\"index, follow, max-snippet:-1, max-image-preview:large, max-video-preview:-1\" \/>\n<link rel=\"canonical\" href=\"https:\/\/www.jeld-wen.ch\/fr\/portail-media\/\" \/>\n<meta property=\"og:locale\" content=\"fr_FR\" \/>\n<meta property=\"og:type\" content=\"article\" \/>\n<meta property=\"og:title\" content=\"Portail m\u00e9dia - JELD-WEN\" \/>\n<meta property=\"og:url\" content=\"https:\/\/www.jeld-wen.ch\/fr\/portail-media\/\" \/>\n<meta property=\"og:site_name\" content=\"JELD-WEN\" \/>\n<meta property=\"article:modified_time\" content=\"2018-03-09T08:49:09+00:00\" \/>\n<meta name=\"twitter:card\" content=\"summary_large_image\" \/>\n<meta name=\"twitter:label1\" content=\"Dur\u00e9e de lecture estim\u00e9e\" \/>\n\t<meta name=\"twitter:data1\" content=\"1 minute\" \/>\n<script type=\"application\/ld+json\" class=\"yoast-schema-graph\">{\"@context\":\"https:\\\/\\\/schema.org\",\"@graph\":[{\"@type\":\"WebPage\",\"@id\":\"https:\\\/\\\/www.jeld-wen.ch\\\/fr\\\/portail-media\\\/\",\"url\":\"https:\\\/\\\/www.jeld-wen.ch\\\/fr\\\/portail-media\\\/\",\"name\":\"Portail m\u00e9dia - JELD-WEN\",\"isPartOf\":{\"@id\":\"https:\\\/\\\/www.jeld-wen.ch\\\/#website\"},\"datePublished\":\"2017-11-24T07:24:59+00:00\",\"dateModified\":\"2018-03-09T08:49:09+00:00\",\"breadcrumb\":{\"@id\":\"https:\\\/\\\/www.jeld-wen.ch\\\/fr\\\/portail-media\\\/#breadcrumb\"},\"inLanguage\":\"fr-FR\",\"potentialAction\":[{\"@type\":\"ReadAction\",\"target\":[\"https:\\\/\\\/www.jeld-wen.ch\\\/fr\\\/portail-media\\\/\"]}]},{\"@type\":\"BreadcrumbList\",\"@id\":\"https:\\\/\\\/www.jeld-wen.ch\\\/fr\\\/portail-media\\\/#breadcrumb\",\"itemListElement\":[{\"@type\":\"ListItem\",\"position\":1,\"name\":\"Startseite\",\"item\":\"https:\\\/\\\/www.jeld-wen.ch\\\/fr\\\/\"},{\"@type\":\"ListItem\",\"position\":2,\"name\":\"Portail m\u00e9dia\"}]},{\"@type\":\"WebSite\",\"@id\":\"https:\\\/\\\/www.jeld-wen.ch\\\/#website\",\"url\":\"https:\\\/\\\/www.jeld-wen.ch\\\/\",\"name\":\"JELD-WEN\",\"description\":\"3 starke T\u00fcrenmarken unter einem Dach.\",\"potentialAction\":[{\"@type\":\"SearchAction\",\"target\":{\"@type\":\"EntryPoint\",\"urlTemplate\":\"https:\\\/\\\/www.jeld-wen.ch\\\/?s={search_term_string}\"},\"query-input\":{\"@type\":\"PropertyValueSpecification\",\"valueRequired\":true,\"valueName\":\"search_term_string\"}}],\"inLanguage\":\"fr-FR\"}]}<\/script>\n<!-- \/ Yoast SEO plugin. -->","yoast_head_json":{"title":"Portail m\u00e9dia - JELD-WEN","robots":{"index":"index","follow":"follow","max-snippet":"max-snippet:-1","max-image-preview":"max-image-preview:large","max-video-preview":"max-video-preview:-1"},"canonical":"https:\/\/www.jeld-wen.ch\/fr\/portail-media\/","og_locale":"fr_FR","og_type":"article","og_title":"Portail m\u00e9dia - JELD-WEN","og_url":"https:\/\/www.jeld-wen.ch\/fr\/portail-media\/","og_site_name":"JELD-WEN","article_modified_time":"2018-03-09T08:49:09+00:00","twitter_card":"summary_large_image","twitter_misc":{"Dur\u00e9e de lecture estim\u00e9e":"1 minute"},"schema":{"@context":"https:\/\/schema.org","@graph":[{"@type":"WebPage","@id":"https:\/\/www.jeld-wen.ch\/fr\/portail-media\/","url":"https:\/\/www.jeld-wen.ch\/fr\/portail-media\/","name":"Portail m\u00e9dia - JELD-WEN","isPartOf":{"@id":"https:\/\/www.jeld-wen.ch\/#website"},"datePublished":"2017-11-24T07:24:59+00:00","dateModified":"2018-03-09T08:49:09+00:00","breadcrumb":{"@id":"https:\/\/www.jeld-wen.ch\/fr\/portail-media\/#breadcrumb"},"inLanguage":"fr-FR","potentialAction":[{"@type":"ReadAction","target":["https:\/\/www.jeld-wen.ch\/fr\/portail-media\/"]}]},{"@type":"BreadcrumbList","@id":"https:\/\/www.jeld-wen.ch\/fr\/portail-media\/#breadcrumb","itemListElement":[{"@type":"ListItem","position":1,"name":"Startseite","item":"https:\/\/www.jeld-wen.ch\/fr\/"},{"@type":"ListItem","position":2,"name":"Portail m\u00e9dia"}]},{"@type":"WebSite","@id":"https:\/\/www.jeld-wen.ch\/#website","url":"https:\/\/www.jeld-wen.ch\/","name":"JELD-WEN","description":"3 starke T\u00fcrenmarken unter einem Dach.","potentialAction":[{"@type":"SearchAction","target":{"@type":"EntryPoint","urlTemplate":"https:\/\/www.jeld-wen.ch\/?s={search_term_string}"},"query-input":{"@type":"PropertyValueSpecification","valueRequired":true,"valueName":"search_term_string"}}],"inLanguage":"fr-FR"}]}},"_links":{"self":[{"href":"https:\/\/www.jeld-wen.ch\/fr\/wp-json\/wp\/v2\/pages\/3992","targetHints":{"allow":["GET"]}}],"collection":[{"href":"https:\/\/www.jeld-wen.ch\/fr\/wp-json\/wp\/v2\/pages"}],"about":[{"href":"https:\/\/www.jeld-wen.ch\/fr\/wp-json\/wp\/v2\/types\/page"}],"author":[{"embeddable":true,"href":"https:\/\/www.jeld-wen.ch\/fr\/wp-json\/wp\/v2\/users\/1"}],"replies":[{"embeddable":true,"href":"https:\/\/www.jeld-wen.ch\/fr\/wp-json\/wp\/v2\/comments?post=3992"}],"version-history":[{"count":4,"href":"https:\/\/www.jeld-wen.ch\/fr\/wp-json\/wp\/v2\/pages\/3992\/revisions"}],"predecessor-version":[{"id":4732,"href":"https:\/\/www.jeld-wen.ch\/fr\/wp-json\/wp\/v2\/pages\/3992\/revisions\/4732"}],"wp:attachment":[{"href":"https:\/\/www.jeld-wen.ch\/fr\/wp-json\/wp\/v2\/media?parent=3992"}],"curies":[{"name":"wp","href":"https:\/\/api.w.org\/{rel}","templated":true}]}}