{"id":3987,"date":"2017-11-24T08:24:58","date_gmt":"2017-11-24T07:24:58","guid":{"rendered":"http:\/\/www.jeld-wen.ch\/?page_id=3987"},"modified":"2018-03-09T09:49:09","modified_gmt":"2018-03-09T08:49:09","slug":"notre-entreprise","status":"publish","type":"page","link":"https:\/\/www.jeld-wen.ch\/fr\/notre-entreprise\/","title":{"rendered":"Notre entreprise"},"content":{"rendered":"\t<div id=\"gap-656314954\" class=\"gap-element clearfix\" style=\"display:block; height:auto;\">\n\t\t\n<style>\n#gap-656314954 {\n  padding-top: 10%;\n}\n<\/style>\n\t<\/div>\n\t\n\n\t<section class=\"section\" id=\"section_983169955\">\n\t\t<div class=\"section-bg fill\" >\n\t\t\t\t\t\t\t\t\t\n\t\t\t\n\n\t\t<\/div>\n\n\t\t\n\n\t\t<div class=\"section-content relative\">\n\t\t\t\n<div class=\"row\"  id=\"row-2090161476\">\n\n\t<div id=\"col-809700398\" class=\"col small-12 large-12\"  >\n\t\t\t\t<div class=\"col-inner\"  >\n\t\t\t\n\t\t\t\n<h2>JELD-WEN, UNE ENTREPRISE AVEC UNE LONGUE HISTOIRE<\/h2>\n<p>L&#8217;histoire de JELD-WEN Suisse remonte \u00e0 plus de 100 ans. Elle commence avec une petite fabrique de produits en bois \u00e0 Klingnau et un atelier de menuiserie \u00e0 Bremgarten, qui se sont impos\u00e9s comme une marque suisse de premier plan apr\u00e8s leur fusion. Aujourd\u2019hui, int\u00e9gr\u00e9s dans le groupe JELD-WEN, leader mondial dans le domaine des portes, nous proposons non seulement une vaste   <a href=\"https:\/\/www.jeld-wen.ch\/aussentueren\/\">gamme de portes ext\u00e9rieures <\/a>, mais aussi le plus grand <a href=\"https:\/\/www.jeld-wen.ch\/innentueren\/\">choix de portes int\u00e9rieures <\/a>de Suisse.<\/p>\n\t<div id=\"gap-1788325288\" class=\"gap-element clearfix\" style=\"display:block; height:auto;\">\n\t\t\n<style>\n#gap-1788325288 {\n  padding-top: 70px;\n}\n<\/style>\n\t<\/div>\n\t\n<div id=\"portfolio-402823238\" class=\"portfolio-element-wrapper has-filtering\">\n  \n    <div id=\"portfolio-402823238\" class=\"row large-columns-3 medium-columns- small-columns-2 row-small row-masonry\" data-packery-options='{\"itemSelector\": \".col\", \"gutter\": 0, \"presentageWidth\" : true}'>\n\n    <div class=\"col\" data-terms=\"[&quot;Notre entreprise&quot;]\" >\n          <div class=\"col-inner\" >\n          <a href=\"https:\/\/www.jeld-wen.ch\/fr\/featured_item\/actualites\/\" class=\"plain \">\n          <div class=\"portfolio-box box has-hover box-default\">\n            <div class=\"box-image\" >\n                <div class=\"image-cover\" style=\"padding-top:100%;\">\n                <img loading=\"lazy\" decoding=\"async\" width=\"300\" height=\"300\" src=\"https:\/\/www.jeld-wen.ch\/wp-content\/uploads\/2017\/06\/Unternehmen-4a-Presse-300x300.jpg\" class=\"attachment-medium size-medium\" alt=\"\" srcset=\"https:\/\/www.jeld-wen.ch\/wp-content\/uploads\/2017\/06\/Unternehmen-4a-Presse-300x300.jpg 300w, https:\/\/www.jeld-wen.ch\/wp-content\/uploads\/2017\/06\/Unternehmen-4a-Presse-150x150.jpg 150w, https:\/\/www.jeld-wen.ch\/wp-content\/uploads\/2017\/06\/Unternehmen-4a-Presse.jpg 600w\" sizes=\"auto, (max-width: 300px) 100vw, 300px\" \/>                                                <\/div>\n            <\/div>\n            <div class=\"box-text text-center is-xlarge\" style=\"padding:0px 0px 0px 0px;\">\n                  <div class=\"box-text-inner\">\n                      <h6 class=\"uppercase portfolio-box-title\">Actualit\u00e9s<\/h6>\n                      <p class=\"uppercase portfolio-box-category is-xsmall op-6\">\n                        <span class=\"show-on-hover\">\n                         Notre entreprise                        <\/span>\n                      <\/p>\n                  <\/div>\n            <\/div>\n           <\/div>\n           <\/a>\n           <\/div>\n           <\/div><div class=\"col\" data-terms=\"[&quot;Notre entreprise&quot;]\" >\n          <div class=\"col-inner\" >\n          <a href=\"https:\/\/www.jeld-wen.ch\/fr\/featured_item\/histoire-et-valeurs-traditionnelles-de-la-marque\/\" class=\"plain \">\n          <div class=\"portfolio-box box has-hover box-default\">\n            <div class=\"box-image\" >\n                <div class=\"image-cover\" style=\"padding-top:100%;\">\n                <img loading=\"lazy\" decoding=\"async\" width=\"300\" height=\"300\" src=\"https:\/\/www.jeld-wen.ch\/wp-content\/uploads\/2017\/11\/Geschichte_600x600px-300x300.jpg\" class=\"attachment-medium size-medium\" alt=\"\" srcset=\"https:\/\/www.jeld-wen.ch\/wp-content\/uploads\/2017\/11\/Geschichte_600x600px-300x300.jpg 300w, https:\/\/www.jeld-wen.ch\/wp-content\/uploads\/2017\/11\/Geschichte_600x600px-150x150.jpg 150w, https:\/\/www.jeld-wen.ch\/wp-content\/uploads\/2017\/11\/Geschichte_600x600px.jpg 600w\" sizes=\"auto, (max-width: 300px) 100vw, 300px\" \/>                                                <\/div>\n            <\/div>\n            <div class=\"box-text text-center is-xlarge\" style=\"padding:0px 0px 0px 0px;\">\n                  <div class=\"box-text-inner\">\n                      <h6 class=\"uppercase portfolio-box-title\">Histoire et valeurs traditionnelles de la marque<\/h6>\n                      <p class=\"uppercase portfolio-box-category is-xsmall op-6\">\n                        <span class=\"show-on-hover\">\n                         Notre entreprise                        <\/span>\n                      <\/p>\n                  <\/div>\n            <\/div>\n           <\/div>\n           <\/a>\n           <\/div>\n           <\/div><div class=\"col\" data-terms=\"[&quot;Notre entreprise&quot;]\" >\n          <div class=\"col-inner\" >\n          <a href=\"https:\/\/www.jeld-wen.ch\/fr\/featured_item\/durabilite-et-sante-de-lhabitat\/\" class=\"plain \">\n          <div class=\"portfolio-box box has-hover box-default\">\n            <div class=\"box-image\" >\n                <div class=\"image-cover\" style=\"padding-top:100%;\">\n                <img loading=\"lazy\" decoding=\"async\" width=\"300\" height=\"300\" src=\"https:\/\/www.jeld-wen.ch\/wp-content\/uploads\/2017\/06\/Unternehmen-3a-Natur-300x300.jpg\" class=\"attachment-medium size-medium\" alt=\"\" srcset=\"https:\/\/www.jeld-wen.ch\/wp-content\/uploads\/2017\/06\/Unternehmen-3a-Natur-300x300.jpg 300w, https:\/\/www.jeld-wen.ch\/wp-content\/uploads\/2017\/06\/Unternehmen-3a-Natur-150x150.jpg 150w, https:\/\/www.jeld-wen.ch\/wp-content\/uploads\/2017\/06\/Unternehmen-3a-Natur.jpg 600w\" sizes=\"auto, (max-width: 300px) 100vw, 300px\" \/>                                                <\/div>\n            <\/div>\n            <div class=\"box-text text-center is-xlarge\" style=\"padding:0px 0px 0px 0px;\">\n                  <div class=\"box-text-inner\">\n                      <h6 class=\"uppercase portfolio-box-title\">Durabilit\u00e9 et sant\u00e9 de l\u2019habitat<\/h6>\n                      <p class=\"uppercase portfolio-box-category is-xsmall op-6\">\n                        <span class=\"show-on-hover\">\n                         Notre entreprise                        <\/span>\n                      <\/p>\n                  <\/div>\n            <\/div>\n           <\/div>\n           <\/a>\n           <\/div>\n           <\/div><div class=\"col\" data-terms=\"[&quot;Notre entreprise&quot;]\" >\n          <div class=\"col-inner\" >\n          <a href=\"https:\/\/www.jeld-wen.ch\/fr\/featured_item\/equipe\/\" class=\"plain \">\n          <div class=\"portfolio-box box has-hover box-default\">\n            <div class=\"box-image\" >\n                <div class=\"image-cover\" style=\"padding-top:100%;\">\n                <img loading=\"lazy\" decoding=\"async\" width=\"300\" height=\"300\" src=\"https:\/\/www.jeld-wen.ch\/wp-content\/uploads\/2017\/06\/Unternehmen-1a-Team-300x300.jpg\" class=\"attachment-medium size-medium\" alt=\"\" srcset=\"https:\/\/www.jeld-wen.ch\/wp-content\/uploads\/2017\/06\/Unternehmen-1a-Team-300x300.jpg 300w, https:\/\/www.jeld-wen.ch\/wp-content\/uploads\/2017\/06\/Unternehmen-1a-Team-150x150.jpg 150w, https:\/\/www.jeld-wen.ch\/wp-content\/uploads\/2017\/06\/Unternehmen-1a-Team.jpg 600w\" sizes=\"auto, (max-width: 300px) 100vw, 300px\" \/>                                                <\/div>\n            <\/div>\n            <div class=\"box-text text-center is-xlarge\" style=\"padding:0px 0px 0px 0px;\">\n                  <div class=\"box-text-inner\">\n                      <h6 class=\"uppercase portfolio-box-title\">Equipe<\/h6>\n                      <p class=\"uppercase portfolio-box-category is-xsmall op-6\">\n                        <span class=\"show-on-hover\">\n                         Notre entreprise                        <\/span>\n                      <\/p>\n                  <\/div>\n            <\/div>\n           <\/div>\n           <\/a>\n           <\/div>\n           <\/div><div class=\"col\" data-terms=\"[&quot;Notre entreprise&quot;]\" >\n          <div class=\"col-inner\" >\n          <a href=\"https:\/\/www.jeld-wen.ch\/fr\/featured_item\/conditions-generales-kellpax\/\" class=\"plain \">\n          <div class=\"portfolio-box box has-hover box-default\">\n            <div class=\"box-image\" >\n                <div class=\"image-cover\" style=\"padding-top:100%;\">\n                <img loading=\"lazy\" decoding=\"async\" width=\"300\" height=\"300\" src=\"https:\/\/www.jeld-wen.ch\/wp-content\/uploads\/2019\/11\/Kachel-AGBs-FR-300x300.jpg\" class=\"attachment-medium size-medium\" alt=\"\" srcset=\"https:\/\/www.jeld-wen.ch\/wp-content\/uploads\/2019\/11\/Kachel-AGBs-FR-300x300.jpg 300w, https:\/\/www.jeld-wen.ch\/wp-content\/uploads\/2019\/11\/Kachel-AGBs-FR-150x150.jpg 150w, https:\/\/www.jeld-wen.ch\/wp-content\/uploads\/2019\/11\/Kachel-AGBs-FR.jpg 400w\" sizes=\"auto, (max-width: 300px) 100vw, 300px\" \/>                                                <\/div>\n            <\/div>\n            <div class=\"box-text text-center is-xlarge\" style=\"padding:0px 0px 0px 0px;\">\n                  <div class=\"box-text-inner\">\n                      <h6 class=\"uppercase portfolio-box-title\">Conditions g\u00e9n\u00e9rales Kellpax<\/h6>\n                      <p class=\"uppercase portfolio-box-category is-xsmall op-6\">\n                        <span class=\"show-on-hover\">\n                         Notre entreprise                        <\/span>\n                      <\/p>\n                  <\/div>\n            <\/div>\n           <\/div>\n           <\/a>\n           <\/div>\n           <\/div><div class=\"col\" data-terms=\"[&quot;Notre entreprise&quot;]\" >\n          <div class=\"col-inner\" >\n          <a href=\"https:\/\/www.jeld-wen.ch\/fr\/featured_item\/emplois-chez-jeld-wen\/\" class=\"plain \">\n          <div class=\"portfolio-box box has-hover box-default\">\n            <div class=\"box-image\" >\n                <div class=\"image-cover\" style=\"padding-top:100%;\">\n                <img loading=\"lazy\" decoding=\"async\" width=\"300\" height=\"300\" src=\"https:\/\/www.jeld-wen.ch\/wp-content\/uploads\/2017\/06\/Unternehmen-6a-Bewerbung-1-300x300.jpg\" class=\"attachment-medium size-medium\" alt=\"\" srcset=\"https:\/\/www.jeld-wen.ch\/wp-content\/uploads\/2017\/06\/Unternehmen-6a-Bewerbung-1-300x300.jpg 300w, https:\/\/www.jeld-wen.ch\/wp-content\/uploads\/2017\/06\/Unternehmen-6a-Bewerbung-1-150x150.jpg 150w, https:\/\/www.jeld-wen.ch\/wp-content\/uploads\/2017\/06\/Unternehmen-6a-Bewerbung-1.jpg 600w\" sizes=\"auto, (max-width: 300px) 100vw, 300px\" \/>                                                <\/div>\n            <\/div>\n            <div class=\"box-text text-center is-xlarge\" style=\"padding:0px 0px 0px 0px;\">\n                  <div class=\"box-text-inner\">\n                      <h6 class=\"uppercase portfolio-box-title\">Emplois chez JELD-WEN<\/h6>\n                      <p class=\"uppercase portfolio-box-category is-xsmall op-6\">\n                        <span class=\"show-on-hover\">\n                         Notre entreprise                        <\/span>\n                      <\/p>\n                  <\/div>\n            <\/div>\n           <\/div>\n           <\/a>\n           <\/div>\n           <\/div><div class=\"col\" data-terms=\"[&quot;Notre entreprise&quot;]\" >\n          <div class=\"col-inner\" >\n          <a href=\"https:\/\/www.jeld-wen.ch\/fr\/featured_item\/contact\/\" class=\"plain \">\n          <div class=\"portfolio-box box has-hover box-default\">\n            <div class=\"box-image\" >\n                <div class=\"image-cover\" style=\"padding-top:100%;\">\n                <img loading=\"lazy\" decoding=\"async\" width=\"300\" height=\"300\" src=\"https:\/\/www.jeld-wen.ch\/wp-content\/uploads\/2017\/06\/Unternehmen-7a-Kontakt-1-300x300.jpg\" class=\"attachment-medium size-medium\" alt=\"\" srcset=\"https:\/\/www.jeld-wen.ch\/wp-content\/uploads\/2017\/06\/Unternehmen-7a-Kontakt-1-300x300.jpg 300w, https:\/\/www.jeld-wen.ch\/wp-content\/uploads\/2017\/06\/Unternehmen-7a-Kontakt-1-150x150.jpg 150w, https:\/\/www.jeld-wen.ch\/wp-content\/uploads\/2017\/06\/Unternehmen-7a-Kontakt-1.jpg 600w\" sizes=\"auto, (max-width: 300px) 100vw, 300px\" \/>                                                <\/div>\n            <\/div>\n            <div class=\"box-text text-center is-xlarge\" style=\"padding:0px 0px 0px 0px;\">\n                  <div class=\"box-text-inner\">\n                      <h6 class=\"uppercase portfolio-box-title\">Contact<\/h6>\n                      <p class=\"uppercase portfolio-box-category is-xsmall op-6\">\n                        <span class=\"show-on-hover\">\n                         Notre entreprise                        <\/span>\n                      <\/p>\n                  <\/div>\n            <\/div>\n           <\/div>\n           <\/a>\n           <\/div>\n           <\/div><div class=\"col\" data-terms=\"[&quot;Notre entreprise&quot;]\" >\n          <div class=\"col-inner\" >\n          <a href=\"https:\/\/www.jeld-wen.ch\/fr\/featured_item\/visites-a-la-clientele\/\" class=\"plain \">\n          <div class=\"portfolio-box box has-hover box-default\">\n            <div class=\"box-image\" >\n                <div class=\"image-cover\" style=\"padding-top:100%;\">\n                <img loading=\"lazy\" decoding=\"async\" width=\"300\" height=\"300\" src=\"https:\/\/www.jeld-wen.ch\/wp-content\/uploads\/2018\/07\/JELD-WEN-Aussendienst-Kachel-300x300.jpg\" class=\"attachment-medium size-medium\" alt=\"\" srcset=\"https:\/\/www.jeld-wen.ch\/wp-content\/uploads\/2018\/07\/JELD-WEN-Aussendienst-Kachel-300x300.jpg 300w, https:\/\/www.jeld-wen.ch\/wp-content\/uploads\/2018\/07\/JELD-WEN-Aussendienst-Kachel-150x150.jpg 150w, https:\/\/www.jeld-wen.ch\/wp-content\/uploads\/2018\/07\/JELD-WEN-Aussendienst-Kachel.jpg 600w\" sizes=\"auto, (max-width: 300px) 100vw, 300px\" \/>                                                <\/div>\n            <\/div>\n            <div class=\"box-text text-center is-xlarge\" style=\"padding:0px 0px 0px 0px;\">\n                  <div class=\"box-text-inner\">\n                      <h6 class=\"uppercase portfolio-box-title\">\u00c9quipe commerciale<\/h6>\n                      <p class=\"uppercase portfolio-box-category is-xsmall op-6\">\n                        <span class=\"show-on-hover\">\n                         Notre entreprise                        <\/span>\n                      <\/p>\n                  <\/div>\n            <\/div>\n           <\/div>\n           <\/a>\n           <\/div>\n           <\/div><\/div><\/div>\n<style>\n#portfolio-402823238 .box-text {\n  padding: 0px 0px 0px 0px;\n}\n<\/style>\n\n\t\t<\/div>\n\t\t\t\t\t<\/div>\n\n\t\n<\/div>\n\t\t<\/div>\n\n\t\t\n<style>\n#section_983169955 {\n  padding-top: 30px;\n  padding-bottom: 30px;\n}\n<\/style>\n\t<\/section>\n\t\n","protected":false},"excerpt":{"rendered":"","protected":false},"author":1,"featured_media":0,"parent":0,"menu_order":0,"comment_status":"closed","ping_status":"closed","template":"page-blank.php","meta":{"_acf_changed":false,"inline_featured_image":false,"footnotes":""},"class_list":["post-3987","page","type-page","status-publish","hentry"],"acf":[],"yoast_head":"<!-- This site is optimized with the Yoast SEO plugin v27.3 - https:\/\/yoast.com\/product\/yoast-seo-wordpress\/ -->\n<title>Notre entreprise - JELD-WEN<\/title>\n<meta name=\"robots\" content=\"index, follow, max-snippet:-1, max-image-preview:large, max-video-preview:-1\" \/>\n<link rel=\"canonical\" href=\"https:\/\/www.jeld-wen.ch\/fr\/notre-entreprise\/\" \/>\n<meta property=\"og:locale\" content=\"fr_FR\" \/>\n<meta property=\"og:type\" content=\"article\" \/>\n<meta property=\"og:title\" content=\"Notre entreprise - JELD-WEN\" \/>\n<meta property=\"og:url\" content=\"https:\/\/www.jeld-wen.ch\/fr\/notre-entreprise\/\" \/>\n<meta property=\"og:site_name\" content=\"JELD-WEN\" \/>\n<meta property=\"article:modified_time\" content=\"2018-03-09T08:49:09+00:00\" \/>\n<meta name=\"twitter:card\" content=\"summary_large_image\" \/>\n<meta name=\"twitter:label1\" content=\"Dur\u00e9e de lecture estim\u00e9e\" \/>\n\t<meta name=\"twitter:data1\" content=\"1 minute\" \/>\n<script type=\"application\/ld+json\" class=\"yoast-schema-graph\">{\"@context\":\"https:\\\/\\\/schema.org\",\"@graph\":[{\"@type\":\"WebPage\",\"@id\":\"https:\\\/\\\/www.jeld-wen.ch\\\/fr\\\/notre-entreprise\\\/\",\"url\":\"https:\\\/\\\/www.jeld-wen.ch\\\/fr\\\/notre-entreprise\\\/\",\"name\":\"Notre entreprise - JELD-WEN\",\"isPartOf\":{\"@id\":\"https:\\\/\\\/www.jeld-wen.ch\\\/#website\"},\"datePublished\":\"2017-11-24T07:24:58+00:00\",\"dateModified\":\"2018-03-09T08:49:09+00:00\",\"breadcrumb\":{\"@id\":\"https:\\\/\\\/www.jeld-wen.ch\\\/fr\\\/notre-entreprise\\\/#breadcrumb\"},\"inLanguage\":\"fr-FR\",\"potentialAction\":[{\"@type\":\"ReadAction\",\"target\":[\"https:\\\/\\\/www.jeld-wen.ch\\\/fr\\\/notre-entreprise\\\/\"]}]},{\"@type\":\"BreadcrumbList\",\"@id\":\"https:\\\/\\\/www.jeld-wen.ch\\\/fr\\\/notre-entreprise\\\/#breadcrumb\",\"itemListElement\":[{\"@type\":\"ListItem\",\"position\":1,\"name\":\"Startseite\",\"item\":\"https:\\\/\\\/www.jeld-wen.ch\\\/fr\\\/\"},{\"@type\":\"ListItem\",\"position\":2,\"name\":\"Notre entreprise\"}]},{\"@type\":\"WebSite\",\"@id\":\"https:\\\/\\\/www.jeld-wen.ch\\\/#website\",\"url\":\"https:\\\/\\\/www.jeld-wen.ch\\\/\",\"name\":\"JELD-WEN\",\"description\":\"3 starke T\u00fcrenmarken unter einem Dach.\",\"potentialAction\":[{\"@type\":\"SearchAction\",\"target\":{\"@type\":\"EntryPoint\",\"urlTemplate\":\"https:\\\/\\\/www.jeld-wen.ch\\\/?s={search_term_string}\"},\"query-input\":{\"@type\":\"PropertyValueSpecification\",\"valueRequired\":true,\"valueName\":\"search_term_string\"}}],\"inLanguage\":\"fr-FR\"}]}<\/script>\n<!-- \/ Yoast SEO plugin. -->","yoast_head_json":{"title":"Notre entreprise - JELD-WEN","robots":{"index":"index","follow":"follow","max-snippet":"max-snippet:-1","max-image-preview":"max-image-preview:large","max-video-preview":"max-video-preview:-1"},"canonical":"https:\/\/www.jeld-wen.ch\/fr\/notre-entreprise\/","og_locale":"fr_FR","og_type":"article","og_title":"Notre entreprise - JELD-WEN","og_url":"https:\/\/www.jeld-wen.ch\/fr\/notre-entreprise\/","og_site_name":"JELD-WEN","article_modified_time":"2018-03-09T08:49:09+00:00","twitter_card":"summary_large_image","twitter_misc":{"Dur\u00e9e de lecture estim\u00e9e":"1 minute"},"schema":{"@context":"https:\/\/schema.org","@graph":[{"@type":"WebPage","@id":"https:\/\/www.jeld-wen.ch\/fr\/notre-entreprise\/","url":"https:\/\/www.jeld-wen.ch\/fr\/notre-entreprise\/","name":"Notre entreprise - JELD-WEN","isPartOf":{"@id":"https:\/\/www.jeld-wen.ch\/#website"},"datePublished":"2017-11-24T07:24:58+00:00","dateModified":"2018-03-09T08:49:09+00:00","breadcrumb":{"@id":"https:\/\/www.jeld-wen.ch\/fr\/notre-entreprise\/#breadcrumb"},"inLanguage":"fr-FR","potentialAction":[{"@type":"ReadAction","target":["https:\/\/www.jeld-wen.ch\/fr\/notre-entreprise\/"]}]},{"@type":"BreadcrumbList","@id":"https:\/\/www.jeld-wen.ch\/fr\/notre-entreprise\/#breadcrumb","itemListElement":[{"@type":"ListItem","position":1,"name":"Startseite","item":"https:\/\/www.jeld-wen.ch\/fr\/"},{"@type":"ListItem","position":2,"name":"Notre entreprise"}]},{"@type":"WebSite","@id":"https:\/\/www.jeld-wen.ch\/#website","url":"https:\/\/www.jeld-wen.ch\/","name":"JELD-WEN","description":"3 starke T\u00fcrenmarken unter einem Dach.","potentialAction":[{"@type":"SearchAction","target":{"@type":"EntryPoint","urlTemplate":"https:\/\/www.jeld-wen.ch\/?s={search_term_string}"},"query-input":{"@type":"PropertyValueSpecification","valueRequired":true,"valueName":"search_term_string"}}],"inLanguage":"fr-FR"}]}},"_links":{"self":[{"href":"https:\/\/www.jeld-wen.ch\/fr\/wp-json\/wp\/v2\/pages\/3987","targetHints":{"allow":["GET"]}}],"collection":[{"href":"https:\/\/www.jeld-wen.ch\/fr\/wp-json\/wp\/v2\/pages"}],"about":[{"href":"https:\/\/www.jeld-wen.ch\/fr\/wp-json\/wp\/v2\/types\/page"}],"author":[{"embeddable":true,"href":"https:\/\/www.jeld-wen.ch\/fr\/wp-json\/wp\/v2\/users\/1"}],"replies":[{"embeddable":true,"href":"https:\/\/www.jeld-wen.ch\/fr\/wp-json\/wp\/v2\/comments?post=3987"}],"version-history":[{"count":1,"href":"https:\/\/www.jeld-wen.ch\/fr\/wp-json\/wp\/v2\/pages\/3987\/revisions"}],"predecessor-version":[{"id":3988,"href":"https:\/\/www.jeld-wen.ch\/fr\/wp-json\/wp\/v2\/pages\/3987\/revisions\/3988"}],"wp:attachment":[{"href":"https:\/\/www.jeld-wen.ch\/fr\/wp-json\/wp\/v2\/media?parent=3987"}],"curies":[{"name":"wp","href":"https:\/\/api.w.org\/{rel}","templated":true}]}}